{"id":379,"date":"2012-06-03T12:21:32","date_gmt":"2012-06-03T10:21:32","guid":{"rendered":"http:\/\/www.twenta.nl\/\/?page_id=379"},"modified":"2015-07-19T12:04:08","modified_gmt":"2015-07-19T10:04:08","slug":"3-delig-stalen-vlieringtrap-d","status":"publish","type":"page","link":"https:\/\/www.twenta.nl\/fr\/produkten-2\/bodentreppen-aus-stahl\/3-delig-stalen-vlieringtrap-d\/","title":{"rendered":"(Deutschland) Typ 4300, dreiteilige Falttreppe aus Stahl"},"content":{"rendered":"<p class=\"qtranxs-available-languages-message qtranxs-available-languages-message-fr\">D\u00e9sol\u00e9, cet article est seulement disponible en <a href=\"https:\/\/www.twenta.nl\/de\/wp-json\/wp\/v2\/pages\/379\" class=\"qtranxs-available-language-link qtranxs-available-language-link-de\" title=\"Deutschland\">Deutschland<\/a> et <a href=\"https:\/\/www.twenta.nl\/be\/wp-json\/wp\/v2\/pages\/379\" class=\"qtranxs-available-language-link qtranxs-available-language-link-be\" title=\"Belgi\u00eb\">Belgi\u00eb<\/a>.<\/p>","protected":false},"excerpt":{"rendered":"<p>D\u00e9sol\u00e9, cet article est seulement disponible en Deutschland et Belgi\u00eb.<\/p>\n","protected":false},"author":1,"featured_media":0,"parent":168,"menu_order":1,"comment_status":"closed","ping_status":"closed","template":"","meta":{"footnotes":""},"class_list":["post-379","page","type-page","status-publish","hentry"],"aioseo_notices":[],"_links":{"self":[{"href":"https:\/\/www.twenta.nl\/fr\/wp-json\/wp\/v2\/pages\/379","targetHints":{"allow":["GET"]}}],"collection":[{"href":"https:\/\/www.twenta.nl\/fr\/wp-json\/wp\/v2\/pages"}],"about":[{"href":"https:\/\/www.twenta.nl\/fr\/wp-json\/wp\/v2\/types\/page"}],"author":[{"embeddable":true,"href":"https:\/\/www.twenta.nl\/fr\/wp-json\/wp\/v2\/users\/1"}],"replies":[{"embeddable":true,"href":"https:\/\/www.twenta.nl\/fr\/wp-json\/wp\/v2\/comments?post=379"}],"version-history":[{"count":0,"href":"https:\/\/www.twenta.nl\/fr\/wp-json\/wp\/v2\/pages\/379\/revisions"}],"up":[{"embeddable":true,"href":"https:\/\/www.twenta.nl\/fr\/wp-json\/wp\/v2\/pages\/168"}],"wp:attachment":[{"href":"https:\/\/www.twenta.nl\/fr\/wp-json\/wp\/v2\/media?parent=379"}],"curies":[{"name":"wp","href":"https:\/\/api.w.org\/{rel}","templated":true}]}}