{"id":204,"date":"2012-01-17T17:10:54","date_gmt":"2012-01-17T17:10:54","guid":{"rendered":"http:\/\/www.twenta.nl\/\/?page_id=204"},"modified":"2023-12-23T15:21:44","modified_gmt":"2023-12-23T14:21:44","slug":"zertifikaten","status":"publish","type":"page","link":"https:\/\/www.twenta.nl\/fr\/dokumentation\/zertifikaten\/","title":{"rendered":"(Deutschland) Zertifikate"},"content":{"rendered":"<p class=\"qtranxs-available-languages-message qtranxs-available-languages-message-fr\">D\u00e9sol\u00e9, cet article est seulement disponible en <a href=\"https:\/\/www.twenta.nl\/de\/wp-json\/wp\/v2\/pages\/204\" class=\"qtranxs-available-language-link qtranxs-available-language-link-de\" title=\"Deutschland\">Deutschland<\/a> et <a href=\"https:\/\/www.twenta.nl\/be\/wp-json\/wp\/v2\/pages\/204\" class=\"qtranxs-available-language-link qtranxs-available-language-link-be\" title=\"Belgi\u00eb\">Belgi\u00eb<\/a>.<\/p>","protected":false},"excerpt":{"rendered":"<p>D\u00e9sol\u00e9, cet article est seulement disponible en Deutschland et Belgi\u00eb.<\/p>\n","protected":false},"author":1,"featured_media":0,"parent":172,"menu_order":5,"comment_status":"closed","ping_status":"closed","template":"","meta":{"footnotes":""},"class_list":["post-204","page","type-page","status-publish","hentry"],"aioseo_notices":[],"_links":{"self":[{"href":"https:\/\/www.twenta.nl\/fr\/wp-json\/wp\/v2\/pages\/204","targetHints":{"allow":["GET"]}}],"collection":[{"href":"https:\/\/www.twenta.nl\/fr\/wp-json\/wp\/v2\/pages"}],"about":[{"href":"https:\/\/www.twenta.nl\/fr\/wp-json\/wp\/v2\/types\/page"}],"author":[{"embeddable":true,"href":"https:\/\/www.twenta.nl\/fr\/wp-json\/wp\/v2\/users\/1"}],"replies":[{"embeddable":true,"href":"https:\/\/www.twenta.nl\/fr\/wp-json\/wp\/v2\/comments?post=204"}],"version-history":[{"count":4,"href":"https:\/\/www.twenta.nl\/fr\/wp-json\/wp\/v2\/pages\/204\/revisions"}],"predecessor-version":[{"id":480,"href":"https:\/\/www.twenta.nl\/fr\/wp-json\/wp\/v2\/pages\/204\/revisions\/480"}],"up":[{"embeddable":true,"href":"https:\/\/www.twenta.nl\/fr\/wp-json\/wp\/v2\/pages\/172"}],"wp:attachment":[{"href":"https:\/\/www.twenta.nl\/fr\/wp-json\/wp\/v2\/media?parent=204"}],"curies":[{"name":"wp","href":"https:\/\/api.w.org\/{rel}","templated":true}]}}