{"id":393,"date":"2012-06-03T12:36:23","date_gmt":"2012-06-03T10:36:23","guid":{"rendered":"http:\/\/www.twenta.nl\/\/?page_id=393"},"modified":"2015-07-19T13:07:47","modified_gmt":"2015-07-19T11:07:47","slug":"type-70-zonder-trap-hout-of-aluminium-d","status":"publish","type":"page","link":"https:\/\/www.twenta.nl\/de\/produkten-2\/bodentreppen-aluminium\/type-70-zonder-trap-hout-of-aluminium-d\/","title":{"rendered":"Typ 2420 mit einer erh\u00f6hten Lukenkastenabmessung"},"content":{"rendered":"<p><\/p>\n<ul>\n<li><a href=\"http:\/\/www.twenta.nl\/\/wp-content\/uploads\/VT_2420_V01.jpg\" target=\"_blank\"><img loading=\"lazy\" decoding=\"async\" class=\"alignright size-medium wp-image-625\" src=\"http:\/\/www.twenta.nl\/\/wp-content\/uploads\/VT_2420_V01-129x300.jpg\" alt=\"VT_2420_V01\" width=\"129\" height=\"300\" srcset=\"https:\/\/www.twenta.nl\/wp-content\/uploads\/VT_2420_V01-129x300.jpg 129w, https:\/\/www.twenta.nl\/wp-content\/uploads\/VT_2420_V01-442x1024.jpg 442w, https:\/\/www.twenta.nl\/wp-content\/uploads\/VT_2420_V01.jpg 518w\" sizes=\"auto, (max-width: 129px) 100vw, 129px\" \/><\/a><strong>DIN EN 14975 : 2010-12<\/strong><\/li>\n<li><strong>U-Wert : 1,1\u00a0W\/m2K<\/strong><\/li>\n<li><strong>Maximale Belastung : 175 kg<\/strong><\/li>\n<li><strong>Luftdichtheitsklasse : Klasse 4<\/strong><\/li>\n<\/ul>\n<p>Wie Typ 2400, jedoch mit einer <strong>erh\u00f6hten Lukenkastenabmessung<\/strong> (Ma\u00df B). Abh\u00e4ngig von der H\u00f6he werden im Lukenkasten eine Lukenteilung und <strong>zus\u00e4tzliche Stufen<\/strong> vorgesehen, um die H\u00f6hendifferenz zwischen Deckenh\u00f6he und Fu\u00dfboden des Dachgeschosses auf eine sichere Weise zu \u00fcberbr\u00fccken. Siehe die Skizzen.<\/p>\n<h6><a title=\"Klicken zum Vergr\u00f6\u00dfern\" href=\"http:\/\/www.twenta.nl\/\/wp-content\/uploads\/Raveelbakoogten_D_V01_hor.jpg\" target=\"_blank\"><img loading=\"lazy\" decoding=\"async\" class=\"size-medium wp-image-767 alignnone\" src=\"http:\/\/www.twenta.nl\/\/wp-content\/uploads\/Raveelbakoogten_D_V01_hor-300x120.jpg\" alt=\"Raveelbakoogten_D_V01_hor\" width=\"300\" height=\"120\" srcset=\"https:\/\/www.twenta.nl\/wp-content\/uploads\/Raveelbakoogten_D_V01_hor-300x120.jpg 300w, https:\/\/www.twenta.nl\/wp-content\/uploads\/Raveelbakoogten_D_V01_hor-1024x409.jpg 1024w, https:\/\/www.twenta.nl\/wp-content\/uploads\/Raveelbakoogten_D_V01_hor-500x200.jpg 500w, https:\/\/www.twenta.nl\/wp-content\/uploads\/Raveelbakoogten_D_V01_hor.jpg 1200w\" sizes=\"auto, (max-width: 300px) 100vw, 300px\" \/><\/a><\/h6>\n<h6><strong>Beschreibung<\/strong><\/h6>\n<p>Der Typ 2400 ist das Nonplusultra unter den Bodentreppen.\u00a0Der Typ 2400 wird aus schweren, gegossenen Aluminiumprofilen\u00a0hergestellt. Die polierten Stufen sind ganze 14 cm\u00a0tief. Bei h\u00e4ufigem Gebrauch und Deckenh\u00f6hen \u00fcber 280 cm\u00a0empfehlen wir den Typ 2400. Diese Treppe wird komplett\u00a0mit einem Lukenkasten aus Multiplex geliefert, in den ein\u00a0isolierter Lukendeckel mit einer Dicke von 56 mm (U=1,1 W\/m2K) eingeh\u00e4ngt ist. Bedienung mit Zugstab und Schnappriegelverschluss\u00a0aus Kunststoff. Der Ausgleich des Lukendeckels\u00a0erfolgt durch ein System aus verstellbaren Hebelarmen\u00a0und Federn. Der Ausgleich der Treppe wird durch\u00a0ein System aus Laufschienen, Laufelementen, Hebelarmen\u00a0und einer Feder realisiert. Ein zus\u00e4tzlicher Vorteil der Verwendung\u00a0eines Laufelements liegt darin, dass die Treppe\u00a0dadurch im Vergleich mit anderen Systemen besonders stabil\u00a0ist. Die Treppe ist standardm\u00e4\u00dfig mit Bekleidungsleisten\u00a0und Parkett-\/Laminatsch\u00fctzern aus Kunststoff ausgef\u00fchrt.\u00a0Die Treppe liegt auf dem Lukendeckel, sodass kein Schwenkraum\u00a0ben\u00f6tigt wird.<\/p>\n<h6><strong>Optionen<\/strong><\/h6>\n<ul>\n<li>Lukendeckel 76 mm\u00a0(U=0,92 W\/m2K)<\/li>\n<li>Teleskopgel\u00e4nder<\/li>\n<li>Lukenschutzgel\u00e4nder<\/li>\n<li>Deckenh\u00f6hen bis 408 cm<\/li>\n<\/ul>\n<h6><img loading=\"lazy\" decoding=\"async\" class=\"size-medium wp-image-707 alignleft\" src=\"http:\/\/www.twenta.nl\/\/wp-content\/uploads\/maatplan_schaartrap_V01-300x272.jpg\" alt=\"maatplan_schaartrap_V01\" width=\"300\" height=\"272\" srcset=\"https:\/\/www.twenta.nl\/wp-content\/uploads\/maatplan_schaartrap_V01-300x272.jpg 300w, https:\/\/www.twenta.nl\/wp-content\/uploads\/maatplan_schaartrap_V01-330x300.jpg 330w, https:\/\/www.twenta.nl\/wp-content\/uploads\/maatplan_schaartrap_V01.jpg 416w\" sizes=\"auto, (max-width: 300px) 100vw, 300px\" \/> <strong>Abmessungen<\/strong><\/h6>\n<p>A = Gr\u00f6\u00dfe der Decken\u00f6ffnung B = H\u00f6he des Lukenkastens C = Deckenh\u00f6he D = Schwenkraum im Dachgeschoss E = Treppengrund F = minimaler Schwenkbereich im unteren Raum<\/p>\n<table border=\"0\" width=\"325\" cellspacing=\"0\" cellpadding=\"0\">\n<colgroup>\n<col span=\"5\" width=\"65\" \/><\/colgroup>\n<tbody>\n<tr>\n<td width=\"65\" height=\"15\">A<\/td>\n<td width=\"65\">B<\/td>\n<td width=\"65\">C<\/td>\n<td width=\"65\">D<\/td>\n<td width=\"65\">E<\/td>\n<\/tr>\n<tr>\n<td height=\"15\">70&#215;110\/120\/130\/140<\/td>\n<td>19,5<\/td>\n<td align=\"right\">240<\/td>\n<td>&#8211;<\/td>\n<td align=\"right\">135<\/td>\n<\/tr>\n<tr>\n<td height=\"15\">70&#215;110\/120\/130\/140<\/td>\n<td>19,5<\/td>\n<td align=\"right\">260<\/td>\n<td>&#8211;<\/td>\n<td align=\"right\">150<\/td>\n<\/tr>\n<tr>\n<td height=\"15\">70&#215;110\/120\/130\/140<\/td>\n<td>19,5<\/td>\n<td align=\"right\">280<\/td>\n<td>&#8211;<\/td>\n<td align=\"right\">165<\/td>\n<\/tr>\n<tr>\n<td height=\"15\">70&#215;110\/120\/130\/140<\/td>\n<td align=\"right\">19.5<\/td>\n<td align=\"right\">300<\/td>\n<td>&#8211;<\/td>\n<td align=\"right\">165<\/td>\n<\/tr>\n<tr>\n<td height=\"15\">70&#215;110\/120\/130\/140<\/td>\n<td align=\"right\">19.5<\/td>\n<td align=\"right\">320<\/td>\n<td>&#8211;<\/td>\n<td align=\"right\">180<\/td>\n<\/tr>\n<\/tbody>\n<\/table>\n<p><\/p>","protected":false},"excerpt":{"rendered":"<p>DIN EN 14975 : 2010-12 U-Wert : 1,1\u00a0W\/m2K Maximale Belastung : 175 kg Luftdichtheitsklasse : Klasse 4 Wie Typ 2400, jedoch mit einer erh\u00f6hten Lukenkastenabmessung (Ma\u00df B). Abh\u00e4ngig von der H\u00f6he werden im Lukenkasten eine Lukenteilung und zus\u00e4tzliche Stufen vorgesehen, &hellip; <a href=\"https:\/\/www.twenta.nl\/de\/produkten-2\/bodentreppen-aluminium\/type-70-zonder-trap-hout-of-aluminium-d\/\">Weiterlesen <span class=\"meta-nav\">&rarr;<\/span><\/a><\/p>\n","protected":false},"author":1,"featured_media":0,"parent":374,"menu_order":3,"comment_status":"closed","ping_status":"closed","template":"","meta":{"footnotes":""},"class_list":["post-393","page","type-page","status-publish","hentry"],"aioseo_notices":[],"_links":{"self":[{"href":"https:\/\/www.twenta.nl\/de\/wp-json\/wp\/v2\/pages\/393","targetHints":{"allow":["GET"]}}],"collection":[{"href":"https:\/\/www.twenta.nl\/de\/wp-json\/wp\/v2\/pages"}],"about":[{"href":"https:\/\/www.twenta.nl\/de\/wp-json\/wp\/v2\/types\/page"}],"author":[{"embeddable":true,"href":"https:\/\/www.twenta.nl\/de\/wp-json\/wp\/v2\/users\/1"}],"replies":[{"embeddable":true,"href":"https:\/\/www.twenta.nl\/de\/wp-json\/wp\/v2\/comments?post=393"}],"version-history":[{"count":42,"href":"https:\/\/www.twenta.nl\/de\/wp-json\/wp\/v2\/pages\/393\/revisions"}],"predecessor-version":[{"id":1799,"href":"https:\/\/www.twenta.nl\/de\/wp-json\/wp\/v2\/pages\/393\/revisions\/1799"}],"up":[{"embeddable":true,"href":"https:\/\/www.twenta.nl\/de\/wp-json\/wp\/v2\/pages\/374"}],"wp:attachment":[{"href":"https:\/\/www.twenta.nl\/de\/wp-json\/wp\/v2\/media?parent=393"}],"curies":[{"name":"wp","href":"https:\/\/api.w.org\/{rel}","templated":true}]}}