{"id":387,"date":"2012-06-03T12:28:12","date_gmt":"2012-06-03T10:28:12","guid":{"rendered":"http:\/\/www.twenta.nl\/\/?page_id=387"},"modified":"2019-04-04T16:04:06","modified_gmt":"2019-04-04T14:04:06","slug":"type-2470-met-gegoten-aluminium-schaartrap-d","status":"publish","type":"page","link":"https:\/\/www.twenta.nl\/de\/produkten-2\/fluchtwegen\/type-2470-met-gegoten-aluminium-schaartrap-d\/","title":{"rendered":"Dachluke mit gegossene aluminium Scherentreppe Typ 2470"},"content":{"rendered":"<p><\/p>\n<ul>\n<li><a href=\"https:\/\/www.twenta.nl\/\/wp-content\/uploads\/VT_2470_V01.jpg\" target=\"_blank\" rel=\"noopener noreferrer\"><img loading=\"lazy\" decoding=\"async\" class=\"alignright wp-image-615 size-medium\" src=\"https:\/\/www.twenta.nl\/wp-content\/uploads\/VT_2470_V01-193x300.jpg\" alt=\"VT_2470_V01\" width=\"193\" height=\"300\" srcset=\"https:\/\/www.twenta.nl\/wp-content\/uploads\/VT_2470_V01-193x300.jpg 193w, https:\/\/www.twenta.nl\/wp-content\/uploads\/VT_2470_V01-658x1024.jpg 658w, https:\/\/www.twenta.nl\/wp-content\/uploads\/VT_2470_V01.jpg 772w\" sizes=\"auto, (max-width: 193px) 100vw, 193px\" \/><\/a><strong>DIN EN 14975 : 2010-12<\/strong><\/li>\n<li><strong>U-Wert : 1,1&nbsp;W\/m2K<\/strong><\/li>\n<li><strong>Maximale Belastung : 175 kg<\/strong><\/li>\n<li><strong>Luftdichtheitsklasse : Klasse 4<\/strong><\/li>\n<\/ul>\n<p>Wie Typ 2400, jedoch in <strong>Kombination mit einer Dachluke&nbsp;f\u00fcr das Betreten von Flachd\u00e4chern<\/strong> (Flachdachausstieg).&nbsp;Diese L\u00f6sung besteht aus einem einzigen Element und wird&nbsp;h\u00e4ufig bei Nutzbauten eingesetzt. Abh\u00e4ngig von der Lukenkastenh\u00f6he&nbsp;werden im Lukenkasten eine Lukenteilung und zus\u00e4tzliche&nbsp;Stufen vorgesehen, um die H\u00f6hendifferenz zwischen&nbsp;Deckenh\u00f6he und Fu\u00dfboden des Dachgeschosses auf eine&nbsp;sichere Weise zu \u00fcberbr\u00fccken. Siehe die Skizzen.<\/p>\n<h6><b> <\/b> <a title=\"Klicken zum Vergr\u00f6\u00dferen\" href=\"https:\/\/www.twenta.nl\/\/wp-content\/uploads\/Raveelbakoogten_D_V01_hor.jpg\" target=\"_blank\" rel=\"noopener noreferrer\"><img loading=\"lazy\" decoding=\"async\" class=\"alignnone\" src=\"https:\/\/www.twenta.nl\/\/wp-content\/uploads\/Raveelbakoogten_D_V01_hor-300x120.jpg\" alt=\"Raveelbakoogten_D_V01_hor\" width=\"450\" height=\"180\"><\/a><\/h6>\n<h6><strong>Beschreibung der Treppe<\/strong><\/h6>\n<p>Der Typ 2400 ist das Nonplusultra unter den Bodentreppen.&nbsp;Der Typ 2400 wird aus schweren, gegossenen Aluminiumprofilen&nbsp;hergestellt. Die polierten Stufen sind ganze 14 cm&nbsp;tief. Bei h\u00e4ufigem Gebrauch und Deckenh\u00f6hen \u00fcber 280 cm&nbsp;empfehlen wir den Typ 2400. Diese Treppe wird komplett&nbsp;mit einem Lukenkasten aus Multiplex geliefert, in den ein&nbsp;isolierter Lukendeckel mit einer Dicke von 56 mm (U=1,1\/m2K) eingeh\u00e4ngt ist. Bedienung mit Zugstab und Schnappriegelverschluss&nbsp;aus Kunststoff. Der Ausgleich des Lukendeckels&nbsp;erfolgt durch ein System aus verstellbaren Hebelarmen&nbsp;und Federn. Der Ausgleich der Treppe wird durch&nbsp;ein System aus Laufschienen, Laufelementen, Hebelarmen&nbsp;und einer Feder realisiert. Ein zus\u00e4tzlicher Vorteil der Verwendung&nbsp;eines Laufelements liegt darin, dass die Treppe&nbsp;dadurch im Vergleich mit anderen Systemen besonders stabil&nbsp;ist. Die Treppe ist standardm\u00e4\u00dfig mit Bekleidungsleisten&nbsp;und Parkett-\/Laminatsch\u00fctzern aus Kunststoff ausgef\u00fchrt.&nbsp;Die Treppe liegt auf dem Lukendeckel, sodass kein Schwenkraum&nbsp;ben\u00f6tigt wird.<\/p>\n<h6><strong>Optionen<\/strong><\/h6>\n<ul>\n<li>Lukendeckel 76 mm&nbsp;(U=0,92\/m2K)<\/li>\n<li>Teleskopgel\u00e4nder<\/li>\n<li>Lukenschutzgel\u00e4nder<\/li>\n<li>Lukendeckel an der Oberseite<\/li>\n<li>Deckenh\u00f6hen bis 408 cm<\/li>\n<\/ul>\n<h6><img loading=\"lazy\" decoding=\"async\" class=\"size-medium wp-image-707 alignleft\" src=\"https:\/\/www.twenta.nl\/\/wp-content\/uploads\/maatplan_schaartrap_V01-300x272.jpg\" alt=\"maatplan_schaartrap_V01\" width=\"300\" height=\"272\" srcset=\"https:\/\/www.twenta.nl\/wp-content\/uploads\/maatplan_schaartrap_V01-300x272.jpg 300w, https:\/\/www.twenta.nl\/wp-content\/uploads\/maatplan_schaartrap_V01-330x300.jpg 330w, https:\/\/www.twenta.nl\/wp-content\/uploads\/maatplan_schaartrap_V01.jpg 416w\" sizes=\"auto, (max-width: 300px) 100vw, 300px\" \/> <strong>Abmessungen<\/strong><\/h6>\n<p>A = Gr\u00f6\u00dfe der Decken\u00f6ffnung B = H\u00f6he des Lukenkastens C = Deckenh\u00f6he D = Schwenkraum im Dachgeschoss E = Treppengrund F = minimaler Schwenkbereich im unteren Raum<\/p>\n<table border=\"0\" width=\"325\" cellspacing=\"0\" cellpadding=\"0\">\n<colgroup>\n<col span=\"5\" width=\"65\"><\/colgroup>\n<tbody>\n<tr>\n<td width=\"65\" height=\"15\">A<\/td>\n<td width=\"65\">B<\/td>\n<td width=\"65\">C<\/td>\n<td width=\"65\">D<\/td>\n<td width=\"65\">E<\/td>\n<\/tr>\n<tr>\n<td height=\"15\">70&#215;110\/120\/130\/140<\/td>\n<td>19,5<\/td>\n<td align=\"right\">240<\/td>\n<td>&#8211;<\/td>\n<td align=\"right\">135<\/td>\n<\/tr>\n<tr>\n<td height=\"15\">70&#215;110\/120\/130\/140<\/td>\n<td>19,5<\/td>\n<td align=\"right\">260<\/td>\n<td>&#8211;<\/td>\n<td align=\"right\">150<\/td>\n<\/tr>\n<tr>\n<td height=\"15\">70&#215;110\/120\/130\/140<\/td>\n<td>19,5<\/td>\n<td align=\"right\">280<\/td>\n<td>&#8211;<\/td>\n<td align=\"right\">165<\/td>\n<\/tr>\n<tr>\n<td height=\"15\">70&#215;110\/120\/130\/140<\/td>\n<td align=\"right\">19.5<\/td>\n<td align=\"right\">300<\/td>\n<td>&#8211;<\/td>\n<td align=\"right\">165<\/td>\n<\/tr>\n<tr>\n<td height=\"15\">70&#215;110\/120\/130\/140<\/td>\n<td align=\"right\">19.5<\/td>\n<td align=\"right\">320<\/td>\n<td>&#8211;<\/td>\n<td align=\"right\">180<\/td>\n<\/tr>\n<\/tbody>\n<\/table>\n<p>[nggallery id=1]<\/p>\n<p><\/p>","protected":false},"excerpt":{"rendered":"<p>DIN EN 14975 : 2010-12 U-Wert : 1,1&nbsp;W\/m2K Maximale Belastung : 175 kg Luftdichtheitsklasse : Klasse 4 Wie Typ 2400, jedoch in Kombination mit einer Dachluke&nbsp;f\u00fcr das Betreten von Flachd\u00e4chern (Flachdachausstieg).&nbsp;Diese L\u00f6sung besteht aus einem einzigen Element und wird&nbsp;h\u00e4ufig bei &hellip; <a href=\"https:\/\/www.twenta.nl\/de\/produkten-2\/fluchtwegen\/type-2470-met-gegoten-aluminium-schaartrap-d\/\">Weiterlesen <span class=\"meta-nav\">&rarr;<\/span><\/a><\/p>\n","protected":false},"author":1,"featured_media":0,"parent":170,"menu_order":1,"comment_status":"closed","ping_status":"closed","template":"","meta":{"footnotes":""},"class_list":["post-387","page","type-page","status-publish","hentry"],"aioseo_notices":[],"_links":{"self":[{"href":"https:\/\/www.twenta.nl\/de\/wp-json\/wp\/v2\/pages\/387","targetHints":{"allow":["GET"]}}],"collection":[{"href":"https:\/\/www.twenta.nl\/de\/wp-json\/wp\/v2\/pages"}],"about":[{"href":"https:\/\/www.twenta.nl\/de\/wp-json\/wp\/v2\/types\/page"}],"author":[{"embeddable":true,"href":"https:\/\/www.twenta.nl\/de\/wp-json\/wp\/v2\/users\/1"}],"replies":[{"embeddable":true,"href":"https:\/\/www.twenta.nl\/de\/wp-json\/wp\/v2\/comments?post=387"}],"version-history":[{"count":34,"href":"https:\/\/www.twenta.nl\/de\/wp-json\/wp\/v2\/pages\/387\/revisions"}],"predecessor-version":[{"id":2385,"href":"https:\/\/www.twenta.nl\/de\/wp-json\/wp\/v2\/pages\/387\/revisions\/2385"}],"up":[{"embeddable":true,"href":"https:\/\/www.twenta.nl\/de\/wp-json\/wp\/v2\/pages\/170"}],"wp:attachment":[{"href":"https:\/\/www.twenta.nl\/de\/wp-json\/wp\/v2\/media?parent=387"}],"curies":[{"name":"wp","href":"https:\/\/api.w.org\/{rel}","templated":true}]}}