{"id":385,"date":"2012-06-03T12:26:08","date_gmt":"2012-06-03T10:26:08","guid":{"rendered":"http:\/\/www.twenta.nl\/\/?page_id=385"},"modified":"2021-11-12T13:14:04","modified_gmt":"2021-11-12T12:14:04","slug":"getrokken-aluminium-voor-kleine-trapgatuitsparing-type-360-d","status":"publish","type":"page","link":"https:\/\/www.twenta.nl\/de\/produkten-2\/bodentreppen-aluminium\/getrokken-aluminium-voor-kleine-trapgatuitsparing-type-360-d\/","title":{"rendered":"Typ 360, Scherentreppe aus Aluminium f\u00fcr kleine \u00d6ffnungen,"},"content":{"rendered":"<p><\/p>\n<h6><a href=\"https:\/\/www.twenta.nl\/produkten-2\/bodentreppen-aluminium\/getrokken-aluminium-voor-kleine-trapgatuitsparing-type-360-d\/vt_360_v02_zonder_plaat\/\" rel=\"attachment wp-att-5733\"><img loading=\"lazy\" decoding=\"async\" class=\"alignright size-full wp-image-5733\" src=\"https:\/\/www.twenta.nl\/wp-content\/uploads\/VT_360_V02_zonder_plaat.jpg\" alt=\"\" width=\"115\" height=\"300\" \/><\/a><strong>Beschreibung<\/strong><\/h6>\n<p>Scherentreppe aus Aluminium mit Torsionsfedern ohne Lukenkasten. Diese Treppe wird standardm\u00e4\u00dfig ohne Lukenkasten und Lukendeckel geliefert, eine Lieferung mit Lukenkasten und Lukendeckel ist jedoch auch m\u00f6glich. Typ 360 kann gegen die Wand gestellt werden und ist f\u00fcr kleine \u00d6ffnungen geeignet (Sehe <a href=\"http:\/\/www.bodentreppenrechner.de\">www.bodentreppenrechner.de<\/a>)<\/p>\n<p><!--EndFragment--><\/p>\n<table border=\"0\" width=\"325\" cellspacing=\"0\" cellpadding=\"0\"><!--StartFragment--> <\/p>\n<colgroup>\n<col span=\"5\" width=\"65\" \/> <\/colgroup>\n<tbody>\n<tr>\n<td width=\"65\" height=\"15\">A<\/td>\n<td width=\"65\">B<\/td>\n<td width=\"65\">C<\/td>\n<td width=\"65\">D<\/td>\n<td width=\"65\">E<\/td>\n<\/tr>\n<tr>\n<td height=\"15\">&#8211;<\/td>\n<td>&#8211;<\/td>\n<td>240<\/td>\n<td>&#8211;<\/td>\n<td>105<\/td>\n<\/tr>\n<tr>\n<td height=\"15\">&#8211;<\/td>\n<td>&#8211;<\/td>\n<td>250<\/td>\n<td>&#8211;<\/td>\n<td>105<\/td>\n<\/tr>\n<tr>\n<td height=\"15\">&#8211;<\/td>\n<td>&#8211;<\/td>\n<td>260<\/td>\n<td>&#8211;<\/td>\n<td>113<\/td>\n<\/tr>\n<tr>\n<td height=\"15\">&#8211;<\/td>\n<td>&#8211;<\/td>\n<td>270<\/td>\n<td>&#8211;<\/td>\n<td>113<\/td>\n<\/tr>\n<tr>\n<td height=\"15\">&#8211;<\/td>\n<td>&#8211;<\/td>\n<td>280<\/td>\n<td>&#8211;<\/td>\n<td>120<\/td>\n<\/tr>\n<\/tbody>\n<\/table>\n<p><\/p>","protected":false},"excerpt":{"rendered":"<p>Beschreibung Scherentreppe aus Aluminium mit Torsionsfedern ohne Lukenkasten. Diese Treppe wird standardm\u00e4\u00dfig ohne Lukenkasten und Lukendeckel geliefert, eine Lieferung mit Lukenkasten und Lukendeckel ist jedoch auch m\u00f6glich. Typ 360 kann gegen die Wand gestellt werden und ist f\u00fcr kleine \u00d6ffnungen &hellip; <a href=\"https:\/\/www.twenta.nl\/de\/produkten-2\/bodentreppen-aluminium\/getrokken-aluminium-voor-kleine-trapgatuitsparing-type-360-d\/\">Weiterlesen <span class=\"meta-nav\">&rarr;<\/span><\/a><\/p>\n","protected":false},"author":1,"featured_media":0,"parent":374,"menu_order":6,"comment_status":"closed","ping_status":"closed","template":"","meta":{"footnotes":""},"class_list":["post-385","page","type-page","status-publish","hentry"],"aioseo_notices":[],"_links":{"self":[{"href":"https:\/\/www.twenta.nl\/de\/wp-json\/wp\/v2\/pages\/385","targetHints":{"allow":["GET"]}}],"collection":[{"href":"https:\/\/www.twenta.nl\/de\/wp-json\/wp\/v2\/pages"}],"about":[{"href":"https:\/\/www.twenta.nl\/de\/wp-json\/wp\/v2\/types\/page"}],"author":[{"embeddable":true,"href":"https:\/\/www.twenta.nl\/de\/wp-json\/wp\/v2\/users\/1"}],"replies":[{"embeddable":true,"href":"https:\/\/www.twenta.nl\/de\/wp-json\/wp\/v2\/comments?post=385"}],"version-history":[{"count":48,"href":"https:\/\/www.twenta.nl\/de\/wp-json\/wp\/v2\/pages\/385\/revisions"}],"predecessor-version":[{"id":5748,"href":"https:\/\/www.twenta.nl\/de\/wp-json\/wp\/v2\/pages\/385\/revisions\/5748"}],"up":[{"embeddable":true,"href":"https:\/\/www.twenta.nl\/de\/wp-json\/wp\/v2\/pages\/374"}],"wp:attachment":[{"href":"https:\/\/www.twenta.nl\/de\/wp-json\/wp\/v2\/media?parent=385"}],"curies":[{"name":"wp","href":"https:\/\/api.w.org\/{rel}","templated":true}]}}