{"id":379,"date":"2012-06-03T12:21:32","date_gmt":"2012-06-03T10:21:32","guid":{"rendered":"http:\/\/www.twenta.nl\/\/?page_id=379"},"modified":"2015-07-19T12:04:08","modified_gmt":"2015-07-19T10:04:08","slug":"3-delig-stalen-vlieringtrap-d","status":"publish","type":"page","link":"https:\/\/www.twenta.nl\/de\/produkten-2\/bodentreppen-aus-stahl\/3-delig-stalen-vlieringtrap-d\/","title":{"rendered":"Typ 4300, dreiteilige Falttreppe aus Stahl"},"content":{"rendered":"<p><\/p>\n<ul>\n<li><a href=\"http:\/\/www.twenta.nl\/\/wp-content\/uploads\/VT_4300_V01.jpg\" target=\"_blank\"><img loading=\"lazy\" decoding=\"async\" class=\"alignright size-medium wp-image-629\" src=\"http:\/\/www.twenta.nl\/\/wp-content\/uploads\/VT_4300_V01-148x300.jpg\" alt=\"VT_4300_V01\" width=\"148\" height=\"300\" srcset=\"https:\/\/www.twenta.nl\/wp-content\/uploads\/VT_4300_V01-148x300.jpg 148w, https:\/\/www.twenta.nl\/wp-content\/uploads\/VT_4300_V01-506x1024.jpg 506w, https:\/\/www.twenta.nl\/wp-content\/uploads\/VT_4300_V01.jpg 593w\" sizes=\"auto, (max-width: 148px) 100vw, 148px\" \/><\/a><strong>DIN EN 14975 : 2010-12<\/strong><\/li>\n<li><strong>U-Wert : 1,1\u00a0W\/m2K<\/strong><\/li>\n<li><strong>Maximale Belastung : 150 kg<\/strong><\/li>\n<li><strong>Luftdichtheitsklasse : Klasse 4<\/strong><\/li>\n<\/ul>\n<p>Dreiteilige Falttreppe aus Stahl, komplett mit Lukenkasten\u00a0aus Holz, in den ein isolierter Lukendeckel mit einer Dicke\u00a0von 56 mm (U=1,1 W\/m2K) eingeh\u00e4ngt ist. Bedienung\u00a0mit Zugstab und Schnappriegelverschluss aus Kunststoff.\u00a0Der Ausgleich des Lukendeckels erfolgt durch ein System\u00a0aus verstellbaren Hebelarmen und Federn. Die Treppe ist\u00a0standardm\u00e4\u00dfig mit einer Federverst\u00e4rkung f\u00fcr eine besonders\u00a0leichte Bedienung, Verkleidungslatten und Parkett-\/\u00a0Laminatsch\u00fctzern aus Kunststoff ausgef\u00fchrt. Die Treppe\u00a0liegt auf dem Lukendeckel, sodass kein Schwenkraum\u00a0ben\u00f6tigt wird.<\/p>\n<p><strong>Optionen<\/strong><\/p>\n<ul>\n<li>Lukendeckel 76 mm (U=0,92 W\/m2K),<\/li>\n<li>Gel\u00e4nder<\/li>\n<li>Lukenschutzgel\u00e4nder<\/li>\n<li>Lukendeckel an der Oberseite.<\/li>\n<\/ul>\n<h6><img loading=\"lazy\" decoding=\"async\" class=\"size-medium wp-image-706 alignleft\" src=\"http:\/\/www.twenta.nl\/\/wp-content\/uploads\/maatplan_hout_V01-300x300.jpg\" alt=\"maatplan_hout_V01\" width=\"300\" height=\"300\" srcset=\"https:\/\/www.twenta.nl\/wp-content\/uploads\/maatplan_hout_V01-300x300.jpg 300w, https:\/\/www.twenta.nl\/wp-content\/uploads\/maatplan_hout_V01-150x150.jpg 150w, https:\/\/www.twenta.nl\/wp-content\/uploads\/maatplan_hout_V01.jpg 416w\" sizes=\"auto, (max-width: 300px) 100vw, 300px\" \/><strong>Abmessungen<\/strong><\/h6>\n<p>A = Gr\u00f6\u00dfe der Decken\u00f6ffnung B = H\u00f6he des Lukenkastens C = Deckenh\u00f6he D = Schwenkraum im Dachgeschoss E = Treppengrund F = minimaler Schwenkbereich im unteren Raum<\/p>\n<table border=\"0\" width=\"390\" cellspacing=\"0\" cellpadding=\"0\"><!--StartFragment--> <\/p>\n<colgroup>\n<col span=\"6\" width=\"65\" \/> <\/colgroup>\n<tbody>\n<tr>\n<td width=\"65\" height=\"15\">A<\/td>\n<td width=\"65\">B<\/td>\n<td width=\"65\">C<\/td>\n<td width=\"65\">D<\/td>\n<td width=\"65\">E<\/td>\n<td width=\"65\">F<\/td>\n<\/tr>\n<tr>\n<td height=\"15\">70&#215;110\/120\/130\/140<\/td>\n<td>19,5<\/td>\n<td align=\"right\">240<\/td>\n<td>&#8211;<\/td>\n<td align=\"right\">123<\/td>\n<td align=\"right\">165<\/td>\n<\/tr>\n<tr>\n<td height=\"15\">70&#215;110\/120\/130\/140<\/td>\n<td>19,5<\/td>\n<td align=\"right\">250<\/td>\n<td>&#8211;<\/td>\n<td align=\"right\">120<\/td>\n<td align=\"right\">156<\/td>\n<\/tr>\n<tr>\n<td height=\"15\">70&#215;110\/120\/130\/140<\/td>\n<td>19,5<\/td>\n<td align=\"right\">260<\/td>\n<td>&#8211;<\/td>\n<td align=\"right\">132<\/td>\n<td align=\"right\">165<\/td>\n<\/tr>\n<tr>\n<td height=\"15\">70x 120\/130\/140<\/td>\n<td align=\"right\">19.5<\/td>\n<td align=\"right\">270<\/td>\n<td>&#8211;<\/td>\n<td align=\"right\">133<\/td>\n<td align=\"right\">166<\/td>\n<\/tr>\n<tr>\n<td height=\"15\">70x 120\/130\/140<\/td>\n<td align=\"right\">19.5<\/td>\n<td align=\"right\">280<\/td>\n<td>&#8211;<\/td>\n<td align=\"right\">135<\/td>\n<td align=\"right\">178<\/td>\n<\/tr>\n<p><!--EndFragment--><\/tbody>\n<\/table>\n<p><\/p>","protected":false},"excerpt":{"rendered":"<p>DIN EN 14975 : 2010-12 U-Wert : 1,1\u00a0W\/m2K Maximale Belastung : 150 kg Luftdichtheitsklasse : Klasse 4 Dreiteilige Falttreppe aus Stahl, komplett mit Lukenkasten\u00a0aus Holz, in den ein isolierter Lukendeckel mit einer Dicke\u00a0von 56 mm (U=1,1 W\/m2K) eingeh\u00e4ngt ist. Bedienung\u00a0mit &hellip; <a href=\"https:\/\/www.twenta.nl\/de\/produkten-2\/bodentreppen-aus-stahl\/3-delig-stalen-vlieringtrap-d\/\">Weiterlesen <span class=\"meta-nav\">&rarr;<\/span><\/a><\/p>\n","protected":false},"author":1,"featured_media":0,"parent":168,"menu_order":1,"comment_status":"closed","ping_status":"closed","template":"","meta":{"footnotes":""},"class_list":["post-379","page","type-page","status-publish","hentry"],"aioseo_notices":[],"_links":{"self":[{"href":"https:\/\/www.twenta.nl\/de\/wp-json\/wp\/v2\/pages\/379","targetHints":{"allow":["GET"]}}],"collection":[{"href":"https:\/\/www.twenta.nl\/de\/wp-json\/wp\/v2\/pages"}],"about":[{"href":"https:\/\/www.twenta.nl\/de\/wp-json\/wp\/v2\/types\/page"}],"author":[{"embeddable":true,"href":"https:\/\/www.twenta.nl\/de\/wp-json\/wp\/v2\/users\/1"}],"replies":[{"embeddable":true,"href":"https:\/\/www.twenta.nl\/de\/wp-json\/wp\/v2\/comments?post=379"}],"version-history":[{"count":29,"href":"https:\/\/www.twenta.nl\/de\/wp-json\/wp\/v2\/pages\/379\/revisions"}],"predecessor-version":[{"id":1785,"href":"https:\/\/www.twenta.nl\/de\/wp-json\/wp\/v2\/pages\/379\/revisions\/1785"}],"up":[{"embeddable":true,"href":"https:\/\/www.twenta.nl\/de\/wp-json\/wp\/v2\/pages\/168"}],"wp:attachment":[{"href":"https:\/\/www.twenta.nl\/de\/wp-json\/wp\/v2\/media?parent=379"}],"curies":[{"name":"wp","href":"https:\/\/api.w.org\/{rel}","templated":true}]}}