{"id":374,"date":"2012-06-03T12:15:48","date_gmt":"2012-06-03T10:15:48","guid":{"rendered":"http:\/\/www.twenta.nl\/\/?page_id=374"},"modified":"2017-02-07T04:25:36","modified_gmt":"2017-02-07T03:25:36","slug":"bodentreppen-aluminium","status":"publish","type":"page","link":"https:\/\/www.twenta.nl\/de\/produkten-2\/bodentreppen-aluminium\/","title":{"rendered":"Scherentreppen aus Aluminium"},"content":{"rendered":"<p><\/p>\n<ul>\n<li><a title=\"Gegossene aluminium Bodentreppe, Typ 2400\" href=\"http:\/\/www.twenta.nl\/\/?page_id=381\">Gegossene aluminium Bodentreppe, Typ 2400<\/a><\/li>\n<li><a title=\"Typ 2410 f\u00fcr den Zugang zu Aufzug-Maschinenr\u00e4umen\" href=\"http:\/\/www.twenta.nl\/\/?page_id=590\">Typ 2410 f\u00fcr den Zugang zu Aufzug-Maschinenr\u00e4umen<\/a><\/li>\n<li><a title=\"Typ 2420 mit einer erh\u00f6hten Lukenkastenabmessung\" href=\"http:\/\/www.twenta.nl\/\/?page_id=393\">Typ 2420 mit einer <\/a> erh\u00f6hten Lukenkastenabmessung<\/li>\n<li><a title=\"Typ 2450 f\u00fcr Wandmontage\" href=\"http:\/\/www.twenta.nl\/\/?page_id=391\">Typ 2450 f\u00fcr Wandmontage<\/a><\/li>\n<li><a title=\"Gezogene aluminium Bodentreppe, Typ 2500\" href=\"http:\/\/www.twenta.nl\/\/?page_id=383\">Gezogene aluminium Bodentreppe, Typ 2500<\/a><\/li>\n<li><a title=\"Scherentreppe aus Aluminium f\u00fcr kleine \u00d6ffnungen, Typ 360\" href=\"http:\/\/www.twenta.nl\/\/?page_id=385\">Scherentreppe aus Aluminium f\u00fcr kleine \u00d6ffnungen, Typ 360<\/a><\/li>\n<\/ul>\n<p><\/p>","protected":false},"excerpt":{"rendered":"<p>Gegossene aluminium Bodentreppe, Typ 2400 Typ 2410 f\u00fcr den Zugang zu Aufzug-Maschinenr\u00e4umen Typ 2420 mit einer erh\u00f6hten Lukenkastenabmessung Typ 2450 f\u00fcr Wandmontage Gezogene aluminium Bodentreppe, Typ 2500 Scherentreppe aus Aluminium f\u00fcr kleine \u00d6ffnungen, Typ 360<\/p>\n","protected":false},"author":3,"featured_media":0,"parent":160,"menu_order":4,"comment_status":"closed","ping_status":"closed","template":"","meta":{"footnotes":""},"class_list":["post-374","page","type-page","status-publish","hentry"],"aioseo_notices":[],"_links":{"self":[{"href":"https:\/\/www.twenta.nl\/de\/wp-json\/wp\/v2\/pages\/374","targetHints":{"allow":["GET"]}}],"collection":[{"href":"https:\/\/www.twenta.nl\/de\/wp-json\/wp\/v2\/pages"}],"about":[{"href":"https:\/\/www.twenta.nl\/de\/wp-json\/wp\/v2\/types\/page"}],"author":[{"embeddable":true,"href":"https:\/\/www.twenta.nl\/de\/wp-json\/wp\/v2\/users\/3"}],"replies":[{"embeddable":true,"href":"https:\/\/www.twenta.nl\/de\/wp-json\/wp\/v2\/comments?post=374"}],"version-history":[{"count":21,"href":"https:\/\/www.twenta.nl\/de\/wp-json\/wp\/v2\/pages\/374\/revisions"}],"predecessor-version":[{"id":1681,"href":"https:\/\/www.twenta.nl\/de\/wp-json\/wp\/v2\/pages\/374\/revisions\/1681"}],"up":[{"embeddable":true,"href":"https:\/\/www.twenta.nl\/de\/wp-json\/wp\/v2\/pages\/160"}],"wp:attachment":[{"href":"https:\/\/www.twenta.nl\/de\/wp-json\/wp\/v2\/media?parent=374"}],"curies":[{"name":"wp","href":"https:\/\/api.w.org\/{rel}","templated":true}]}}