{"id":369,"date":"2012-06-03T12:11:38","date_gmt":"2012-06-03T10:11:38","guid":{"rendered":"http:\/\/www.twenta.nl\/\/?page_id=369"},"modified":"2015-07-19T13:03:13","modified_gmt":"2015-07-19T11:03:13","slug":"3-delig-hout-d","status":"publish","type":"page","link":"https:\/\/www.twenta.nl\/de\/produkten-2\/bodentreppen-holz\/3-delig-hout-d\/","title":{"rendered":"Typ 1300, dreiteilige Falttreppe aus Holz"},"content":{"rendered":"<p><a href=\"http:\/\/www.twenta.nl\/wp-content\/uploads\/type-1300-met-voetje.jpg\"><img loading=\"lazy\" decoding=\"async\" class=\"alignright size-medium wp-image-1495 alignleft\" src=\"http:\/\/www.twenta.nl\/wp-content\/uploads\/type-1300-met-voetje-160x300.jpg\" alt=\"type-1300-met-voetje\" width=\"160\" height=\"300\" srcset=\"https:\/\/www.twenta.nl\/wp-content\/uploads\/type-1300-met-voetje-160x300.jpg 160w, https:\/\/www.twenta.nl\/wp-content\/uploads\/type-1300-met-voetje-547x1024.jpg 547w, https:\/\/www.twenta.nl\/wp-content\/uploads\/type-1300-met-voetje-1000x1868.jpg 1000w, https:\/\/www.twenta.nl\/wp-content\/uploads\/type-1300-met-voetje.jpg 1220w\" sizes=\"auto, (max-width: 160px) 100vw, 160px\" \/><\/a><\/p>\n<ul>\n<li><strong>DIN EN 14975 : 2010-12<\/strong><\/li>\n<li><strong>U-Wert : 1,1\u00a0W\/m2K<\/strong><\/li>\n<li><strong>Maximale Belastung : 175 kg<\/strong><\/li>\n<li><strong>Luftdichtheitsklasse : Klasse 4<\/strong><\/li>\n<\/ul>\n<p>Dreiteilige Falttreppe aus Holz, komplett mit Lukenkasten\u00a0aus Holz, in den der isolierte Lukendeckel mit einer Dicke\u00a0von 56 mm (U=1,1 W\/m2K) eingeh\u00e4ngt ist. Bedienung\u00a0mit Zugstab und Schnappriegelverschluss aus Kunststoff.\u00a0Der Ausgleich des Lukendeckels erfolgt durch ein System\u00a0aus verstellbaren Hebelarmen und Federn. Die Treppe ist\u00a0standardm\u00e4\u00dfig mit Verkleidungslatten und Parkett-\/Laminatsch\u00fctzern\u00a0aus weichem Kunststoff ausgef\u00fchrt. <strong>Optionen<\/strong><\/p>\n<ul>\n<li>Lukendeckel 76 mm (U=0,92 W\/m2K)<\/li>\n<li>Gel\u00e4nder<\/li>\n<li>Lukenschutzgel\u00e4nder<\/li>\n<li>Lukendeckel an der Oberseite.<\/li>\n<\/ul>\n<h6><img loading=\"lazy\" decoding=\"async\" class=\"size-medium wp-image-706 alignleft\" src=\"http:\/\/www.twenta.nl\/\/wp-content\/uploads\/maatplan_hout_V01-300x300.jpg\" alt=\"maatplan_hout_V01\" width=\"300\" height=\"300\" srcset=\"https:\/\/www.twenta.nl\/wp-content\/uploads\/maatplan_hout_V01-300x300.jpg 300w, https:\/\/www.twenta.nl\/wp-content\/uploads\/maatplan_hout_V01-150x150.jpg 150w, https:\/\/www.twenta.nl\/wp-content\/uploads\/maatplan_hout_V01.jpg 416w\" sizes=\"auto, (max-width: 300px) 100vw, 300px\" \/> <strong>Abmessungen<\/strong><\/h6>\n<p>A = Gr\u00f6\u00dfe der Decken\u00f6ffnung B = H\u00f6he des Lukenkastens C = Deckenh\u00f6he D = Schwenkraum im Dachgeschoss E = Treppengrund F = minimaler Schwenkbereich im unteren Raum<\/p>\n<table border=\"0\" width=\"390\" cellspacing=\"0\" cellpadding=\"0\"><!--StartFragment--> <\/p>\n<colgroup>\n<col span=\"6\" width=\"65\" \/> <\/colgroup>\n<tbody>\n<tr>\n<td width=\"65\" height=\"15\">A<\/td>\n<td width=\"65\">B<\/td>\n<td width=\"65\">C<\/td>\n<td width=\"65\">D<\/td>\n<td width=\"65\">E<\/td>\n<td width=\"65\">F<\/td>\n<\/tr>\n<tr>\n<td height=\"15\">70&#215;110\/120\/130\/140<\/td>\n<td>19,5<\/td>\n<td align=\"right\">240<\/td>\n<td>&#8211;<\/td>\n<td align=\"right\">123<\/td>\n<td align=\"right\">155<\/td>\n<\/tr>\n<tr>\n<td height=\"15\">70&#215;110\/120\/130\/140<\/td>\n<td>19,5<\/td>\n<td align=\"right\">250<\/td>\n<td>&#8211;<\/td>\n<td align=\"right\">120<\/td>\n<td align=\"right\">155<\/td>\n<\/tr>\n<tr>\n<td height=\"15\">70&#215;110\/120\/130\/140<\/td>\n<td>19,5<\/td>\n<td align=\"right\">260<\/td>\n<td>&#8211;<\/td>\n<td align=\"right\">132<\/td>\n<td align=\"right\">155<\/td>\n<\/tr>\n<tr>\n<td height=\"15\">70&#215;120\/130\/140<\/td>\n<td align=\"right\">19.5<\/td>\n<td align=\"right\">270<\/td>\n<td>&#8211;<\/td>\n<td align=\"right\">133<\/td>\n<td align=\"right\">170<\/td>\n<\/tr>\n<tr>\n<td height=\"15\">70&#215;120\/130\/140<\/td>\n<td align=\"right\">19.5<\/td>\n<td align=\"right\">280<\/td>\n<td>&#8211;<\/td>\n<td align=\"right\">135<\/td>\n<td align=\"right\">170<\/td>\n<\/tr>\n<p><!--EndFragment--><\/tbody>\n<\/table>\n<p><\/p>","protected":false},"excerpt":{"rendered":"<p>DIN EN 14975 : 2010-12 U-Wert : 1,1\u00a0W\/m2K Maximale Belastung : 175 kg Luftdichtheitsklasse : Klasse 4 Dreiteilige Falttreppe aus Holz, komplett mit Lukenkasten\u00a0aus Holz, in den der isolierte Lukendeckel mit einer Dicke\u00a0von 56 mm (U=1,1 W\/m2K) eingeh\u00e4ngt ist. Bedienung\u00a0mit &hellip; <a href=\"https:\/\/www.twenta.nl\/de\/produkten-2\/bodentreppen-holz\/3-delig-hout-d\/\">Weiterlesen <span class=\"meta-nav\">&rarr;<\/span><\/a><\/p>\n","protected":false},"author":1,"featured_media":0,"parent":166,"menu_order":3,"comment_status":"closed","ping_status":"closed","template":"","meta":{"footnotes":""},"class_list":["post-369","page","type-page","status-publish","hentry"],"aioseo_notices":[],"_links":{"self":[{"href":"https:\/\/www.twenta.nl\/de\/wp-json\/wp\/v2\/pages\/369","targetHints":{"allow":["GET"]}}],"collection":[{"href":"https:\/\/www.twenta.nl\/de\/wp-json\/wp\/v2\/pages"}],"about":[{"href":"https:\/\/www.twenta.nl\/de\/wp-json\/wp\/v2\/types\/page"}],"author":[{"embeddable":true,"href":"https:\/\/www.twenta.nl\/de\/wp-json\/wp\/v2\/users\/1"}],"replies":[{"embeddable":true,"href":"https:\/\/www.twenta.nl\/de\/wp-json\/wp\/v2\/comments?post=369"}],"version-history":[{"count":39,"href":"https:\/\/www.twenta.nl\/de\/wp-json\/wp\/v2\/pages\/369\/revisions"}],"predecessor-version":[{"id":1796,"href":"https:\/\/www.twenta.nl\/de\/wp-json\/wp\/v2\/pages\/369\/revisions\/1796"}],"up":[{"embeddable":true,"href":"https:\/\/www.twenta.nl\/de\/wp-json\/wp\/v2\/pages\/166"}],"wp:attachment":[{"href":"https:\/\/www.twenta.nl\/de\/wp-json\/wp\/v2\/media?parent=369"}],"curies":[{"name":"wp","href":"https:\/\/api.w.org\/{rel}","templated":true}]}}