{"id":336,"date":"2012-06-03T11:35:53","date_gmt":"2012-06-03T09:35:53","guid":{"rendered":"http:\/\/www.twenta.nl\/\/?page_id=336"},"modified":"2016-04-05T12:20:55","modified_gmt":"2016-04-05T10:20:55","slug":"ueber-uns","status":"publish","type":"page","link":"https:\/\/www.twenta.nl\/de\/ueber-uns\/","title":{"rendered":"\u00dcber uns"},"content":{"rendered":"<p><\/p>\n<ul>\n<li><a href=\"http:\/\/www.twenta.nl\/ueber-uns\/impressum\/\">Impressum<\/a><\/li>\n<li><a href=\"http:\/\/www.twenta.nl\/ueber-uns\/Kontakt\/\">Kontakt<\/a><\/li>\n<li><a href=\"http:\/\/www.twenta.nl\/ueber-uns\/Qualitaet\/\">Qualit\u00e4t<\/a><\/li>\n<li><a href=\"http:\/\/www.twenta.nl\/ueber-uns\/Flexibilitaet\/\">Flexibilit\u00e4t<\/a><\/li>\n<li><a href=\"http:\/\/www.twenta.nl\/ueber-uns\/algemeine-geschaftsbedienungen\/\">Allgemeine Gesch\u00e4ftsbedingungen<\/a><\/li>\n<li><a href=\"http:\/\/www.twenta.nl\/ueber-uns\/vertriebspartner\/\">Vertriebspartner<\/a><\/li>\n<\/ul>\n<p><br \/>\n<\/p>","protected":false},"excerpt":{"rendered":"<p>Impressum Kontakt Qualit\u00e4t Flexibilit\u00e4t Allgemeine Gesch\u00e4ftsbedingungen Vertriebspartner<\/p>\n","protected":false},"author":3,"featured_media":0,"parent":0,"menu_order":4,"comment_status":"closed","ping_status":"closed","template":"","meta":{"footnotes":""},"class_list":["post-336","page","type-page","status-publish","hentry"],"aioseo_notices":[],"_links":{"self":[{"href":"https:\/\/www.twenta.nl\/de\/wp-json\/wp\/v2\/pages\/336","targetHints":{"allow":["GET"]}}],"collection":[{"href":"https:\/\/www.twenta.nl\/de\/wp-json\/wp\/v2\/pages"}],"about":[{"href":"https:\/\/www.twenta.nl\/de\/wp-json\/wp\/v2\/types\/page"}],"author":[{"embeddable":true,"href":"https:\/\/www.twenta.nl\/de\/wp-json\/wp\/v2\/users\/3"}],"replies":[{"embeddable":true,"href":"https:\/\/www.twenta.nl\/de\/wp-json\/wp\/v2\/comments?post=336"}],"version-history":[{"count":14,"href":"https:\/\/www.twenta.nl\/de\/wp-json\/wp\/v2\/pages\/336\/revisions"}],"predecessor-version":[{"id":5716,"href":"https:\/\/www.twenta.nl\/de\/wp-json\/wp\/v2\/pages\/336\/revisions\/5716"}],"wp:attachment":[{"href":"https:\/\/www.twenta.nl\/de\/wp-json\/wp\/v2\/media?parent=336"}],"curies":[{"name":"wp","href":"https:\/\/api.w.org\/{rel}","templated":true}]}}