{"id":1975,"date":"2018-05-23T17:43:02","date_gmt":"2018-05-23T15:43:02","guid":{"rendered":"http:\/\/www.twenta.nl\/?page_id=1975"},"modified":"2018-11-21T10:35:30","modified_gmt":"2018-11-21T09:35:30","slug":"1975-2","status":"publish","type":"page","link":"https:\/\/www.twenta.nl\/de\/ueber-uns\/1975-2\/","title":{"rendered":"Datenschutzerkl\u00e4rung"},"content":{"rendered":"<p><\/p>\n<h2>Geltungsbereich<\/h2>\n<p>Diese Datenschutzerkl\u00e4rung soll die Nutzer dieser Website gem\u00e4\u00df Bundesdatenschutzgesetz und Telemediengesetz \u00fcber die Art, den Umfang und den Zweck der Erhebung und Verwendung personenbezogener Daten durch den Websitebetreiber informieren.<\/p>\n<h2>Name und Kontaktdaten des Websitebetreibers:<\/h2>\n<p>Smeing Twenta BV<br \/>\nKloppendijk 72<br \/>\n7591 BV Denekamp<br \/>\nNiederl\u00e4nde<br \/>\nTel : (+31)(0)541 351323<br \/>\nEmail : info@twenta.nl<br \/>\nBei Fragen k\u00f6nnen Sie sich jederzeit an uns wenden.<br \/>\nDer Websitebetreiber nimmt Ihren Datenschutz sehr ernst und behandelt Ihre personenbezogenen Daten vertraulich und entsprechend der gesetzlichen Vorschriften.<br \/>\nBedenken Sie, dass die Daten\u00fcbertragung im Internet grunds\u00e4tzlich mit Sicherheitsl\u00fccken bedacht sein kann. Ein vollumf\u00e4nglicher Schutz vor dem Zugriff durch Fremde ist nicht realisierbar.<\/p>\n<h1>Datenerfassung auf unserer Webseite<\/h1>\n<h2>ZUGRIFFSDATEN<\/h2>\n<p>Der Websitebetreiber bzw. Seitenprovider erhebt Daten \u00fcber Zugriffe auf die Seite und speichert diese als \u201eServer-Logfiles\u201c ab. Folgende Daten werden so protokolliert:<\/p>\n<h2>Besuchte Website<\/h2>\n<p>Uhrzeit zum Zeitpunkt des Zugriffes<br \/>\nMenge der gesendeten Daten in Byte<br \/>\nQuelle\/Verweis (Hostname und Seite), von welcher Sie auf die Seite gelangten<br \/>\nVerwendeter Browser<br \/>\nVerwendetes Betriebssystem<br \/>\nVerwendete IP-Adresse<br \/>\nDie erhobenen Daten dienen lediglich statistischen Auswertungen und zur Verbesserung der Website. Der Websitebetreiber beh\u00e4lt sich allerdings vor, die Server-Logfiles nachtr\u00e4glich zu \u00fcberpr\u00fcfen, sollten konkrete Anhaltspunkte auf eine rechtswidrige Nutzung hinweisen.<br \/>\nDie Speicherung der Daten dient nach Art. 6 Abs. 1 lit. b DSGVO zur Verarbeitung der Daten zur Erf\u00fcllung eines Vertrags oder vorvertraglicher Ma\u00dfnahme.<\/p>\n<h2>COOKIES<\/h2>\n<p>Diese Website verwendet Cookies. Dabei handelt es sich um kleine Textdateien, welche auf Ihrem Endger\u00e4t gespeichert werden. Ihr Browser greift auf diese Dateien zu. Durch den Einsatz von Cookies erh\u00f6ht sich die Benutzerfreundlichkeit und Sicherheit dieser Website. Wir verwenden in erster Linie so genannte \u201cSession-Cookies\u201d. Sie werden nach Ende Ihres Besuchs automatisch gel\u00f6scht. F\u00fcr bestimmte Funktionen k\u00f6nnen auch zeitlich befristete Cookies zum Einsatz kommen die l\u00e4nger auf Ihrem Computer verbleiben.<br \/>\nDie Cookies werden auf Grundlage von Art. 6 Abs. 1 DSGVO gespeichert. Der Websitebetreiber hat ein berechtigtes Interesse an der Speicherung von Cookies zur technisch fehlerfreien und optimalen Bereitstellung seiner Dienste.<br \/>\nG\u00e4ngige Browser bieten die Einstellungsoption, Cookies nicht zuzulassen oder zu bestimmten Zeiten zu l\u00f6schen. Hinweis: Es ist nicht gew\u00e4hrleistet, dass Sie auf alle Funktionen dieser Website ohne Einschr\u00e4nkungen zugreifen k\u00f6nnen, wenn Sie entsprechende Einstellungen vornehmen.<\/p>\n<h2>UMGANG MIT PERSONENBEZOGENEN DATEN<\/h2>\n<p>Der Websitebetreiber erhebt, nutzt und gibt Ihre personenbezogenen Daten nur dann weiter, wenn dies im gesetzlichen Rahmen erlaubt ist oder Sie in die Datenerhebung einwilligen.<br \/>\nAls personenbezogene Daten gelten s\u00e4mtliche Informationen, welche dazu dienen, Ihre Person zu bestimmen und welche zu Ihnen zur\u00fcckverfolgt werden k\u00f6nnen \u2013 also beispielsweise Ihr Name, Ihre E-Mail-Adresse und Telefonnummer.<br \/>\nWenn wir Ihnen die M\u00f6glichkeit bieten pers\u00f6nliche Daten \u00fcber die Webseite zu \u00fcbermitteln erfolgt die \u00dcbertragung verschl\u00fcsselt (erkennbar an \u201ehttps\u201c in der Adresszeile des Browsers).<\/p>\n<h2>UMGANG MIT KONTAKTDATEN<\/h2>\n<p>Nehmen Sie mit dem Websitebetreiber durch die angebotenen Kontaktm\u00f6glichkeiten Verbindung auf, werden Ihre Angaben gespeichert, damit auf diese zur Bearbeitung und Beantwortung Ihrer Anfrage zur\u00fcckgegriffen werden kann. Ohne Ihre Einwilligung werden diese Daten nicht an Dritte weitergegeben. Die Verarbeitung der Daten erfolgt auf Grundlage Ihrer Einwilligung (Art. 6 Abs. 1 DSGVO).<\/p>\n<p><\/p>","protected":false},"excerpt":{"rendered":"<p>Geltungsbereich Diese Datenschutzerkl\u00e4rung soll die Nutzer dieser Website gem\u00e4\u00df Bundesdatenschutzgesetz und Telemediengesetz \u00fcber die Art, den Umfang und den Zweck der Erhebung und Verwendung personenbezogener Daten durch den Websitebetreiber informieren. Name und Kontaktdaten des Websitebetreibers: Smeing Twenta BV Kloppendijk 72 &hellip; <a href=\"https:\/\/www.twenta.nl\/de\/ueber-uns\/1975-2\/\">Weiterlesen <span class=\"meta-nav\">&rarr;<\/span><\/a><\/p>\n","protected":false},"author":1,"featured_media":0,"parent":336,"menu_order":9,"comment_status":"closed","ping_status":"closed","template":"sidebar-page.php","meta":{"footnotes":""},"class_list":["post-1975","page","type-page","status-publish","hentry"],"aioseo_notices":[],"_links":{"self":[{"href":"https:\/\/www.twenta.nl\/de\/wp-json\/wp\/v2\/pages\/1975","targetHints":{"allow":["GET"]}}],"collection":[{"href":"https:\/\/www.twenta.nl\/de\/wp-json\/wp\/v2\/pages"}],"about":[{"href":"https:\/\/www.twenta.nl\/de\/wp-json\/wp\/v2\/types\/page"}],"author":[{"embeddable":true,"href":"https:\/\/www.twenta.nl\/de\/wp-json\/wp\/v2\/users\/1"}],"replies":[{"embeddable":true,"href":"https:\/\/www.twenta.nl\/de\/wp-json\/wp\/v2\/comments?post=1975"}],"version-history":[{"count":19,"href":"https:\/\/www.twenta.nl\/de\/wp-json\/wp\/v2\/pages\/1975\/revisions"}],"predecessor-version":[{"id":2286,"href":"https:\/\/www.twenta.nl\/de\/wp-json\/wp\/v2\/pages\/1975\/revisions\/2286"}],"up":[{"embeddable":true,"href":"https:\/\/www.twenta.nl\/de\/wp-json\/wp\/v2\/pages\/336"}],"wp:attachment":[{"href":"https:\/\/www.twenta.nl\/de\/wp-json\/wp\/v2\/media?parent=1975"}],"curies":[{"name":"wp","href":"https:\/\/api.w.org\/{rel}","templated":true}]}}