{"id":184,"date":"2012-01-17T16:50:45","date_gmt":"2012-01-17T15:50:45","guid":{"rendered":"http:\/\/www.twenta.nl\/\/?page_id=184"},"modified":"2019-12-18T07:26:59","modified_gmt":"2019-12-18T06:26:59","slug":"twentadurfen-wir-uns-vorstellen","status":"publish","type":"page","link":"https:\/\/www.twenta.nl\/de\/","title":{"rendered":"Twenta &#8230; Wir verbinden Erfahrung und Know-how"},"content":{"rendered":"<p><a href=\"https:\/\/www.twenta.nl\/\/wp-content\/uploads\/VT_2470_V01.jpg\" target=\"_blank\" rel=\"noopener noreferrer\"><img loading=\"lazy\" decoding=\"async\" class=\"alignright wp-image-615 size-medium\" src=\"http:\/\/www.twenta.nl\/wp-content\/uploads\/VT_2470_V01-193x300.jpg\" alt=\"VT_2470_V01\" width=\"193\" height=\"300\" srcset=\"https:\/\/www.twenta.nl\/wp-content\/uploads\/VT_2470_V01-193x300.jpg 193w, https:\/\/www.twenta.nl\/wp-content\/uploads\/VT_2470_V01-658x1024.jpg 658w, https:\/\/www.twenta.nl\/wp-content\/uploads\/VT_2470_V01.jpg 772w\" sizes=\"auto, (max-width: 193px) 100vw, 193px\" \/><\/a> <b>Twenta\u2026 Qualit\u00e4t f\u00fcr h\u00f6chste Anspr\u00fcche<\/b> Twenta ist ein Familienbetrieb, der mehr als 75 Jahre Erfahrung in der Herstellung von Leitern, Bodentreppen und Dachluken besitzt. Unz\u00e4hlige Kunden in ganz Europa vertrauen unseren Produkten. Eingesetzt bei Neubau und Renovierung, werden sie sowohl f\u00fcr private als auch gewerbliche H\u00e4user und Wohnungen genutzt, wie Hochh\u00e4user, Pflegeheime und B\u00fcrogeb\u00e4ude. Dank unseres Know-hows und unserer flexiblen Produktion zeichnen sich unsere Bodentreppen durch ihre in Europa einzigartige Konstruktion aus. Twenta treibt die Entwicklung auf allen Gebieten voran und gilt als Schrittmacher der Branche. Ob Sie nun eine bestimmte Ausf\u00fchrung, eine Bodentreppe in Standardabmessungen oder eine Ma\u00dfanfertigung w\u00fcnschen, Sie k\u00f6nnen sicher sein, dass Sie schnell und professionell die passende L\u00f6sung erhalten. <b>Quick Fit Befestigungssystem<\/b> Einfacher, sicherer und schneller Einbau!<\/p>\n<ul>\n<li>Das Quick Fit Befestigungssystem erm\u00f6glicht die Ein-Mann-Montage<\/li>\n<li>Nur wenig Zubeh\u00f6r ist notwendig, fast alles ist vormontiert<\/li>\n<li>Einfache und leichte Montage durch 2-fach justierbare Montagehilfen<\/li>\n<li>Schnelle Montage des W\u00e4rmeschutz-Deckenanschlusssystems<\/li>\n<li>Justierschrauben zur einfachen, sicheren und schnellen Montage<\/li>\n<li>Lukenkasten und Treppenteil getrennt f\u00fcr besseres Handlung beim Einbau<\/li>\n<li>Loses Treppenteil zur sehr schnellen Befestigung, in Sekunden fertig<\/li>\n<li>Mehr Wirtschaftlichkeit durch Zeit- und Kosten-Einsparung!<\/li>\n<\/ul>\n<h1>&nbsp;<\/h1>\n<p><b>Twenta&#8230;Wir k\u00f6nnen viel f\u00fcr Sie tun<\/b> Auch unsere Servicequalit\u00e4t gilt als vorbildlich. F\u00fcr Twenta ist es selbstverst\u00e4ndlich, auf alle Anforderungen schnell zu reagieren, flexibel zu sein und sogar f\u00fcr \u201e\u00e4ltere\u201c Treppen ein gutes Ersatzteilangebot zu haben. H\u00f6chste Qualit\u00e4t zu einem attraktiven Preis zu bieten ist unser oberstes Ziel, damit unsere Kunden rundum zufrieden sind. <b><\/b> Twenta&#8230;Wir bieten mehr, als Sie erwarten!<\/p>\n<div class=\"dc\" style=\"position: absolute; left: -9999px;\"><a href=\"https:\/\/twitter.com\/roulettebull\">twitter Roulettebull<\/a><\/div>\n<p style=\"text-align: left;\"><a href=\"https:\/\/www.twenta.nl\/twentadurfen-wir-uns-vorstellen\/alle_keurmerken_op_rij_uk-2\/\"><img loading=\"lazy\" decoding=\"async\" class=\"alignright wp-image-2551 size-full\" style=\"border: 0px;\" src=\"https:\/\/www.twenta.nl\/wp-content\/uploads\/Alle_Keurmerken_op_rij_UK-1.jpg\" alt=\"\" width=\"654\" height=\"227\" srcset=\"https:\/\/www.twenta.nl\/wp-content\/uploads\/Alle_Keurmerken_op_rij_UK-1.jpg 654w, https:\/\/www.twenta.nl\/wp-content\/uploads\/Alle_Keurmerken_op_rij_UK-1-300x104.jpg 300w, https:\/\/www.twenta.nl\/wp-content\/uploads\/Alle_Keurmerken_op_rij_UK-1-500x174.jpg 500w\" sizes=\"auto, (max-width: 654px) 100vw, 654px\" \/><\/a><\/p>\n<div style=\"overflow:hidden;height:1px;\"> <a href=\"https:\/\/grand-national.club\/\">grand national date<\/a><\/div>\n<h2 style=\"text-align: left;\">Bemerkung :<\/h2>\n<div style=\"overflow:hidden;height:1px;\"> <a href=\"https:\/\/gonzosquest-slot.com\/free-spins-slots\/\">free spins slots<\/a><\/div>\n<p style=\"text-align: left;\">In Deutschland suchen wir Importeure \/ Gesch\u00e4ftspartner f\u00fcr den professionellen Markt. Kontakt&nbsp;<a href=\"mailto:info@Twenta.nl\">info@Twenta.nl<\/a><\/p>\n<p>","protected":false},"excerpt":{"rendered":"<p>Twenta\u2026 Qualit\u00e4t f\u00fcr h\u00f6chste Anspr\u00fcche Twenta ist ein Familienbetrieb, der mehr als 75 Jahre Erfahrung in der Herstellung von Leitern, Bodentreppen und Dachluken besitzt. Unz\u00e4hlige Kunden in ganz Europa vertrauen unseren Produkten. Eingesetzt bei Neubau und Renovierung, werden sie sowohl &hellip; <a href=\"https:\/\/www.twenta.nl\/de\/\">Weiterlesen <span class=\"meta-nav\">&rarr;<\/span><\/a><\/p>\n","protected":false},"author":3,"featured_media":0,"parent":0,"menu_order":0,"comment_status":"closed","ping_status":"closed","template":"sidebar-page.php","meta":{"footnotes":""},"class_list":["post-184","page","type-page","status-publish","hentry"],"aioseo_notices":[],"_links":{"self":[{"href":"https:\/\/www.twenta.nl\/de\/wp-json\/wp\/v2\/pages\/184","targetHints":{"allow":["GET"]}}],"collection":[{"href":"https:\/\/www.twenta.nl\/de\/wp-json\/wp\/v2\/pages"}],"about":[{"href":"https:\/\/www.twenta.nl\/de\/wp-json\/wp\/v2\/types\/page"}],"author":[{"embeddable":true,"href":"https:\/\/www.twenta.nl\/de\/wp-json\/wp\/v2\/users\/3"}],"replies":[{"embeddable":true,"href":"https:\/\/www.twenta.nl\/de\/wp-json\/wp\/v2\/comments?post=184"}],"version-history":[{"count":168,"href":"https:\/\/www.twenta.nl\/de\/wp-json\/wp\/v2\/pages\/184\/revisions"}],"predecessor-version":[{"id":5700,"href":"https:\/\/www.twenta.nl\/de\/wp-json\/wp\/v2\/pages\/184\/revisions\/5700"}],"wp:attachment":[{"href":"https:\/\/www.twenta.nl\/de\/wp-json\/wp\/v2\/media?parent=184"}],"curies":[{"name":"wp","href":"https:\/\/api.w.org\/{rel}","templated":true}]}}