{"id":170,"date":"2012-01-17T15:25:51","date_gmt":"2012-01-17T14:25:51","guid":{"rendered":"http:\/\/www.twenta.nl\/\/?page_id=170"},"modified":"2019-04-04T15:50:48","modified_gmt":"2019-04-04T13:50:48","slug":"fluchtwegen","status":"publish","type":"page","link":"https:\/\/www.twenta.nl\/de\/produkten-2\/fluchtwegen\/","title":{"rendered":"Dachluken f\u00fcr Nutzbauten"},"content":{"rendered":"<p><\/p>\n<h6><strong>Beschreibung<\/strong><\/h6>\n<p>Twenta produziert bereits seit vielen Jahren ma\u00dfgefertigte\u00a0Scherentreppen und Dachluken f\u00fcr Nutzbauten. Diese werden\u00a0beispielsweise in Aufzug-Maschinenr\u00e4umen, flegeeinrichtungen,\u00a0Krankenh\u00e4usern, B\u00fcrogeb\u00e4uden und Hochhauskomplexen\u00a0eingesetzt. In vielen Bausituationen kann\u00a0eine Standardl\u00f6sung von Twenta verwendet werden. In den\u00a0F\u00e4llen, in denen keine Standardl\u00f6sung eingesetzt werden\u00a0kann, ist es gut zu wissen, dass die Ma\u00dfanfertigungen bei\u00a0Twenta an praktisch jede Situation angepasst werden k\u00f6nnen.<\/p>\n<ul>\n<li><a title=\"Gegossene aluminium Bodentreppe mit Dachluke, Typ 2470\" href=\"https:\/\/www.twenta.nl\/\/?page_id=387\">Gegossene aluminium Bodentreppe mit Dachluke, Typ 2470<\/a><\/li>\n<\/ul>\n<p><\/p>","protected":false},"excerpt":{"rendered":"<p>Beschreibung Twenta produziert bereits seit vielen Jahren ma\u00dfgefertigte\u00a0Scherentreppen und Dachluken f\u00fcr Nutzbauten. Diese werden\u00a0beispielsweise in Aufzug-Maschinenr\u00e4umen, flegeeinrichtungen,\u00a0Krankenh\u00e4usern, B\u00fcrogeb\u00e4uden und Hochhauskomplexen\u00a0eingesetzt. In vielen Bausituationen kann\u00a0eine Standardl\u00f6sung von Twenta verwendet werden. In den\u00a0F\u00e4llen, in denen keine Standardl\u00f6sung eingesetzt werden\u00a0kann, ist es gut &hellip; <a href=\"https:\/\/www.twenta.nl\/de\/produkten-2\/fluchtwegen\/\">Weiterlesen <span class=\"meta-nav\">&rarr;<\/span><\/a><\/p>\n","protected":false},"author":1,"featured_media":0,"parent":160,"menu_order":5,"comment_status":"closed","ping_status":"closed","template":"","meta":{"footnotes":""},"class_list":["post-170","page","type-page","status-publish","hentry"],"aioseo_notices":[],"_links":{"self":[{"href":"https:\/\/www.twenta.nl\/de\/wp-json\/wp\/v2\/pages\/170","targetHints":{"allow":["GET"]}}],"collection":[{"href":"https:\/\/www.twenta.nl\/de\/wp-json\/wp\/v2\/pages"}],"about":[{"href":"https:\/\/www.twenta.nl\/de\/wp-json\/wp\/v2\/types\/page"}],"author":[{"embeddable":true,"href":"https:\/\/www.twenta.nl\/de\/wp-json\/wp\/v2\/users\/1"}],"replies":[{"embeddable":true,"href":"https:\/\/www.twenta.nl\/de\/wp-json\/wp\/v2\/comments?post=170"}],"version-history":[{"count":20,"href":"https:\/\/www.twenta.nl\/de\/wp-json\/wp\/v2\/pages\/170\/revisions"}],"predecessor-version":[{"id":2378,"href":"https:\/\/www.twenta.nl\/de\/wp-json\/wp\/v2\/pages\/170\/revisions\/2378"}],"up":[{"embeddable":true,"href":"https:\/\/www.twenta.nl\/de\/wp-json\/wp\/v2\/pages\/160"}],"wp:attachment":[{"href":"https:\/\/www.twenta.nl\/de\/wp-json\/wp\/v2\/media?parent=170"}],"curies":[{"name":"wp","href":"https:\/\/api.w.org\/{rel}","templated":true}]}}