{"id":1236,"date":"2014-03-17T16:43:27","date_gmt":"2014-03-17T15:43:27","guid":{"rendered":"http:\/\/www.twenta.nl\/\/?page_id=1236"},"modified":"2015-07-19T12:57:25","modified_gmt":"2015-07-19T10:57:25","slug":"nederland-dakluik-met-aluminium-steekladder","status":"publish","type":"page","link":"https:\/\/www.twenta.nl\/de\/produkten-2\/fluchtwegen\/nederland-dakluik-met-aluminium-steekladder\/","title":{"rendered":"Dachluke mit aluminium Leiterstich"},"content":{"rendered":"<p><\/p>\n<h2>Dachluke aus Aluminium<\/h2>\n<p>Die isolierte Dachluke aus Aluminium wird vollst\u00e4ndig vormontiert und mit einer Deckschicht aus einer Pulverbeschichtung in der RAL Farbe 9010 geliefert. Sowohl der \u00dcberstand aus Aluminium als auch der Aluminiumdeckel sind mit einer kompletten K\u00e4ltebr\u00fccken-Unterbrechung ausgef\u00fchrt. Zwischen dem Deckel und dem \u00dcberstand ist eine doppelte Dichtung angebracht, wodurch das Element wind- und wasserdicht verschlossen werden kann. Die Luke verf\u00fcgt \u00fcber eine Mehrpunkt-Verriegelung, die f\u00fcr die Anwendung eines Euro-Zylinders geeignet ist. Die Bedienung der Luke erfolgt mit einem Griff, der in der ge\u00f6ffneten Stellung auch als Gel\u00e4nder dient. Die Luke ist mit Edelstahl-Scharnieren ausgestattet. Das Gewicht der Luke wird durch eine Gasfederkonstruktion mit Verriegelung aufgefangen.<\/p>\n<h2>Die Dachlukekann kombiniert werden mit\u00a0Steckleiter aus Aluminium<\/h2>\n<p>Die Steckleitern aus Aluminium werden je nach der ben\u00f6tigten H\u00f6he und\/oder dem Wunsch des Kunden in einer 1-, 2- oder 3-teiligen Ausf\u00fchrung geliefert. Die Leitern sind mit 2 vormontierten Haken versehen, die an der Einh\u00e4ngestufe befestigt werden, und alle Leitern sind mit rutschfesten F\u00fc\u00dfen\/Kappen ausgef\u00fchrt. Die Einh\u00e4ngestufe ist standardm\u00e4\u00dfig mit einer Vorbereitung f\u00fcr ein Vorh\u00e4ngeschloss versehen, um ein unerw\u00fcnschtes Entfernen der Leiter zu verhindern. Die Leitern erf\u00fcllen die Anforderungen der Sicherheitsnormen EN 131, NEN 2484 sowie des niederl\u00e4ndischen Warengesetzes. Zum Verstauen der Leiter sind Wandb\u00fcgel als Option erh\u00e4ltlich, ebenfalls mit einer Vorbereitung f\u00fcr ein Vorh\u00e4ngeschloss.<\/p>\n<h6><a href=\"http:\/\/www.twenta.nl\/\/wp-content\/uploads\/Dakluik_met_ladder_V03_LR.jpg\"><img loading=\"lazy\" decoding=\"async\" class=\"alignleft  wp-image-1253\" style=\"border: 0px; margin: 0px;\" src=\"http:\/\/www.twenta.nl\/\/wp-content\/uploads\/Dakluik_met_ladder_V03_LR.jpg\" alt=\"Dakluik_met_ladder_V03_LR\" width=\"270\" height=\"270\" srcset=\"https:\/\/www.twenta.nl\/wp-content\/uploads\/Dakluik_met_ladder_V03_LR.jpg 300w, https:\/\/www.twenta.nl\/wp-content\/uploads\/Dakluik_met_ladder_V03_LR-150x150.jpg 150w\" sizes=\"auto, (max-width: 270px) 100vw, 270px\" \/><\/a> <a href=\"http:\/\/www.twenta.nl\/\/wp-content\/uploads\/Ladder_vergrendeling_V01.jpg\"><img loading=\"lazy\" decoding=\"async\" class=\"alignleft  wp-image-1255\" style=\"border: 0px; margin: 0px;\" src=\"http:\/\/www.twenta.nl\/\/wp-content\/uploads\/Ladder_vergrendeling_V01.jpg\" alt=\"Ladder_vergrendeling_V01\" width=\"270\" height=\"270\" srcset=\"https:\/\/www.twenta.nl\/wp-content\/uploads\/Ladder_vergrendeling_V01.jpg 300w, https:\/\/www.twenta.nl\/wp-content\/uploads\/Ladder_vergrendeling_V01-150x150.jpg 150w\" sizes=\"auto, (max-width: 270px) 100vw, 270px\" \/><\/a> <a href=\"http:\/\/www.twenta.nl\/\/wp-content\/uploads\/Steekladders.jpg\"><img loading=\"lazy\" decoding=\"async\" class=\"alignleft  wp-image-1250\" style=\"border: 0px;\" src=\"http:\/\/www.twenta.nl\/\/wp-content\/uploads\/Steekladders.jpg\" alt=\"Steekladders\" width=\"600\" height=\"651\" srcset=\"https:\/\/www.twenta.nl\/wp-content\/uploads\/Steekladders.jpg 600w, https:\/\/www.twenta.nl\/wp-content\/uploads\/Steekladders-276x300.jpg 276w\" sizes=\"auto, (max-width: 600px) 100vw, 600px\" \/><\/a><\/h6>\n<p><\/p>","protected":false},"excerpt":{"rendered":"<p>Dachluke aus Aluminium Die isolierte Dachluke aus Aluminium wird vollst\u00e4ndig vormontiert und mit einer Deckschicht aus einer Pulverbeschichtung in der RAL Farbe 9010 geliefert. Sowohl der \u00dcberstand aus Aluminium als auch der Aluminiumdeckel sind mit einer kompletten K\u00e4ltebr\u00fccken-Unterbrechung ausgef\u00fchrt. Zwischen &hellip; <a href=\"https:\/\/www.twenta.nl\/de\/produkten-2\/fluchtwegen\/nederland-dakluik-met-aluminium-steekladder\/\">Weiterlesen <span class=\"meta-nav\">&rarr;<\/span><\/a><\/p>\n","protected":false},"author":1,"featured_media":0,"parent":170,"menu_order":2,"comment_status":"closed","ping_status":"closed","template":"","meta":{"footnotes":""},"class_list":["post-1236","page","type-page","status-publish","hentry"],"aioseo_notices":[],"_links":{"self":[{"href":"https:\/\/www.twenta.nl\/de\/wp-json\/wp\/v2\/pages\/1236","targetHints":{"allow":["GET"]}}],"collection":[{"href":"https:\/\/www.twenta.nl\/de\/wp-json\/wp\/v2\/pages"}],"about":[{"href":"https:\/\/www.twenta.nl\/de\/wp-json\/wp\/v2\/types\/page"}],"author":[{"embeddable":true,"href":"https:\/\/www.twenta.nl\/de\/wp-json\/wp\/v2\/users\/1"}],"replies":[{"embeddable":true,"href":"https:\/\/www.twenta.nl\/de\/wp-json\/wp\/v2\/comments?post=1236"}],"version-history":[{"count":13,"href":"https:\/\/www.twenta.nl\/de\/wp-json\/wp\/v2\/pages\/1236\/revisions"}],"predecessor-version":[{"id":1794,"href":"https:\/\/www.twenta.nl\/de\/wp-json\/wp\/v2\/pages\/1236\/revisions\/1794"}],"up":[{"embeddable":true,"href":"https:\/\/www.twenta.nl\/de\/wp-json\/wp\/v2\/pages\/170"}],"wp:attachment":[{"href":"https:\/\/www.twenta.nl\/de\/wp-json\/wp\/v2\/media?parent=1236"}],"curies":[{"name":"wp","href":"https:\/\/api.w.org\/{rel}","templated":true}]}}